{"id":667,"date":"2015-12-21T13:34:19","date_gmt":"2015-12-21T13:34:19","guid":{"rendered":"http:\/\/midana-consulting.de\/?page_id=667"},"modified":"2025-10-09T15:31:00","modified_gmt":"2025-10-09T15:31:00","slug":"ueber-mich-2","status":"publish","type":"page","link":"https:\/\/midana-consulting.de\/?page_id=667","title":{"rendered":"\u00dcber mich"},"content":{"rendered":"<p>Mein Name ist <strong>Bettina Schulz<\/strong>, Jahrgang 1980, geboren und aufgewachsen in Heilbronn, wo auch heute noch mein Lebensmittelpunkt ist. Seit 2007 unterst\u00fctze ich Menschen bei der Entwicklung Ihrer Pers\u00f6nlichkeit. Was zun\u00e4chst ehrenamtlich begann, ist zwischenzeitlich zu meiner pers\u00f6nlichen Passion geworden. 2015 gr\u00fcndete ich MIDANA Consulting &amp; Training und berate seither Unternehmen zu Fragen der Personalentwicklung. Dabei bewege ich mich thematisch in den Themengebieten F\u00fchrung und Pers\u00f6nlichkeit, Gesundheit und Soft Skills. Mein Ansatz st\u00fctzt sich dabei auf drei S\u00e4ulen: Beratung, Training und Coaching.<\/p>\n<p>Mein Wissen und meine F\u00e4higkeiten beruhen neben langj\u00e4hrigen Praxiserfahrung in der Wirtschaft, auf einer qualifizierten Ausbildung als Personal und Business Coach \/ psychologischer Berater, meinem Studium der Betriebswirtschaftslehre und Unternehmensf\u00fchrung und meiner Lebenserfahrung. Zu meinen Klienten geh\u00f6ren vorwiegend Business-Klienten, aber auch Privatpersonen mit allen Themen aus dem beruflichen und privaten Umfeld, die sie bewegen.<\/p>\n<p>Ich bin Mitglied im DFC Deutscher Fachverband Coaching\u00a0und orientiere mich an den Richtlinien des FWW Forum Wertorientierung in der Weiterbildung.<\/p>\n<p><strong><u>Berufs- und Praxiserfahrung<\/u><\/strong><\/p>\n<ul>\n<li>seit 2015 selbst\u00e4ndige Unternehmensberaterin, Trainerin und Coach<\/li>\n<li>Erfahrung als F\u00fchrungskraft in der Wirtschaft<\/li>\n<li>mehrj\u00e4hrige Konzernerfahrung<\/li>\n<li>Erfahrung als interkulturelle Trainerin und (Business) Coach, Dozentin und Mentorin<\/li>\n<li>Mehrj\u00e4hrige T\u00e4tigkeit in der Wirtschaft<\/li>\n<\/ul>\n<p><strong><u>Aus- und Weiterbildungen<\/u><\/strong><\/p>\n<ul>\n<li>Studium der Betriebswirtschaftslehre und Unternehmensf\u00fchrung an der Hochschule Heilbronn, Abschluss als Dipl.-Betriebswirtin (FH)<\/li>\n<li>18-monatige Ausbildung zum Business und Personal Coach \/ psychologischer Berater bei der Studiengemeinschaft Darmstadt (Dr. Migge Seminare) inkl. Praxisseminare<\/li>\n<li>zertifizierte Trainerin f\u00fcr das persolog\u00ae\u00a0Pers\u00f6nlichkeits-Modell <strong><img loading=\"lazy\" decoding=\"async\" class=\"wp-image-1234 alignright\" src=\"http:\/\/midana-consulting.de\/wp-content\/uploads\/2018\/02\/PPM_Trainerin_5cm-e1540205703241.jpg\" alt=\"\" width=\"101\" height=\"173\" \/><\/strong><\/li>\n<li>Ausbildung zur Trainerin (IHK)<\/li>\n<li>Ausbildung zum Ausbilder (AEVO)<\/li>\n<li>6-monatiger Prozess zur Selbsterfahrung mit regelm\u00e4\u00dfigen Einzelgespr\u00e4chen<\/li>\n<li>Weiterbildung zum Thema Coaching im interkulturellen Kontext und mit Menschen mit komplexen Profillagen<\/li>\n<li>Zahlreiche Weiterbildungen in den Bereichen Psychologie, Kommunikation und Gespr\u00e4chsf\u00fchrung, Verhandlung, usw.<\/li>\n<\/ul>\n<p>Kontinuierliche Weiter- und Fortbildung geh\u00f6rt zu meinem pers\u00f6nlichen Qualit\u00e4tsmanagement.<\/p>\n<p><strong><u>Organisationen<\/u><\/strong><\/p>\n<ul>\n<li>DFC Deutscher Fachverband Coaching<\/li>\n<li>Deutscher Kinderschutzbund Kreisverband HN e.V.<\/li>\n<\/ul>\n<p>M\u00f6chten Sie mehr \u00fcber mich wissen?<\/p>\n<p>Dann rufen Sie mich unter 0175 8708386 an oder fordern Sie mein Trainerprofil an.<\/p>\n","protected":false},"excerpt":{"rendered":"<p>Mein Name ist Bettina Schulz, Jahrgang 1980, geboren und aufgewachsen in Heilbronn, wo auch heute noch mein Lebensmittelpunkt ist. Seit 2007 unterst\u00fctze ich Menschen bei der Entwicklung Ihrer Pers\u00f6nlichkeit. Was zun\u00e4chst ehrenamtlich begann, ist zwischenzeitlich zu meiner pers\u00f6nlichen Passion geworden. &hellip; <a href=\"https:\/\/midana-consulting.de\/?page_id=667\">Weiterlesen <span class=\"meta-nav\">&rarr;<\/span><\/a><\/p>\n","protected":false},"author":1,"featured_media":0,"parent":0,"menu_order":0,"comment_status":"closed","ping_status":"closed","template":"","meta":{"footnotes":""},"class_list":["post-667","page","type-page","status-publish","hentry"],"_links":{"self":[{"href":"https:\/\/midana-consulting.de\/index.php?rest_route=\/wp\/v2\/pages\/667","targetHints":{"allow":["GET"]}}],"collection":[{"href":"https:\/\/midana-consulting.de\/index.php?rest_route=\/wp\/v2\/pages"}],"about":[{"href":"https:\/\/midana-consulting.de\/index.php?rest_route=\/wp\/v2\/types\/page"}],"author":[{"embeddable":true,"href":"https:\/\/midana-consulting.de\/index.php?rest_route=\/wp\/v2\/users\/1"}],"replies":[{"embeddable":true,"href":"https:\/\/midana-consulting.de\/index.php?rest_route=%2Fwp%2Fv2%2Fcomments&post=667"}],"version-history":[{"count":43,"href":"https:\/\/midana-consulting.de\/index.php?rest_route=\/wp\/v2\/pages\/667\/revisions"}],"predecessor-version":[{"id":1460,"href":"https:\/\/midana-consulting.de\/index.php?rest_route=\/wp\/v2\/pages\/667\/revisions\/1460"}],"wp:attachment":[{"href":"https:\/\/midana-consulting.de\/index.php?rest_route=%2Fwp%2Fv2%2Fmedia&parent=667"}],"curies":[{"name":"wp","href":"https:\/\/api.w.org\/{rel}","templated":true}]}}