{"id":1346,"date":"2020-09-24T08:51:48","date_gmt":"2020-09-24T08:51:48","guid":{"rendered":"https:\/\/midana-consulting.de\/?page_id=1346"},"modified":"2022-02-01T11:03:35","modified_gmt":"2022-02-01T11:03:35","slug":"schulungen-fuer-auszubildende","status":"publish","type":"page","link":"https:\/\/midana-consulting.de\/?page_id=1346","title":{"rendered":"Schulungen f\u00fcr Auszubildende"},"content":{"rendered":"\n<p>F\u00fcr den&nbsp;<strong>perfekten Einstieg in das Unternehmen&nbsp;<\/strong>und den&nbsp;<strong>richtigen Start in die Berufswelt<\/strong>.<\/p>\n\n\n\n<p>Mein Seminarangebot f\u00fcr Auszubildenden umfasst folgende Themengebiete:<\/p>\n\n\n\n<ul class=\"wp-block-list\"><li>Business Knigge<\/li><li>Telefontrainings<\/li><li>Kommunikationstrainings<\/li><li>Kundenkontakttrainings<\/li><li>Konfliktmanagement<\/li><li>Teamwork<\/li><li>Selbstmanagement<\/li><li>Zeitmanagement<\/li><\/ul>\n\n\n\n<p>In der Auftragskl\u00e4rung legen wir fest, welche Ziele Sie verfolgen und welche Inhalte dazu passen. Die Schulung wird&nbsp;<strong>individuell konzipiert<\/strong>&nbsp;und&nbsp;<strong>auf Ihr Unternehmen ma\u00dfgeschneidert<\/strong>. Ich berate Sie gerne!<\/p>\n\n\n\n<p><\/p>\n\n\n\n<p><strong>SPECIAL \u2013 Teambuilding-Module<\/strong><\/p>\n\n\n\n<p>Die Teambuilding-Module k\u00f6nnen Sie in eine Schulung einbetten oder als Solomodul buchen.&nbsp;<\/p>\n\n\n\n<div class=\"wp-block-media-text alignwide is-stacked-on-mobile\"><figure class=\"wp-block-media-text__media\"><img loading=\"lazy\" decoding=\"async\" width=\"1024\" height=\"768\" src=\"https:\/\/midana-consulting.de\/wp-content\/uploads\/2020\/09\/IMG_2479-1024x768.jpg\" alt=\"\" class=\"wp-image-1348 size-full\" srcset=\"https:\/\/midana-consulting.de\/wp-content\/uploads\/2020\/09\/IMG_2479-1024x768.jpg 1024w, https:\/\/midana-consulting.de\/wp-content\/uploads\/2020\/09\/IMG_2479-300x225.jpg 300w, https:\/\/midana-consulting.de\/wp-content\/uploads\/2020\/09\/IMG_2479-768x576.jpg 768w, https:\/\/midana-consulting.de\/wp-content\/uploads\/2020\/09\/IMG_2479-1536x1152.jpg 1536w, https:\/\/midana-consulting.de\/wp-content\/uploads\/2020\/09\/IMG_2479-2048x1536.jpg 2048w, https:\/\/midana-consulting.de\/wp-content\/uploads\/2020\/09\/IMG_2479-400x300.jpg 400w\" sizes=\"auto, (max-width: 1024px) 100vw, 1024px\" \/><\/figure><div class=\"wp-block-media-text__content\">\n<p><strong>Modul 1: Bausteine<\/strong><\/p>\n\n\n\n<p>Gemeinsam planen, konstruieren, Schwierigkeiten \u00fcberwinden und zum Ziel gelangen. Vorab legen wir fest, was gebaut werden soll. Vielleicht Ihr Unternehmenslogo in einem Ma\u00df von 1 x 2 m? Gerne berate ich Sie hierzu.&nbsp;<\/p>\n<\/div><\/div>\n\n\n\n<div class=\"wp-block-media-text alignwide is-stacked-on-mobile\"><figure class=\"wp-block-media-text__media\"><img loading=\"lazy\" decoding=\"async\" width=\"1024\" height=\"768\" src=\"https:\/\/midana-consulting.de\/wp-content\/uploads\/2020\/09\/IMG_2485-1024x768.jpg\" alt=\"\" class=\"wp-image-1352 size-full\" srcset=\"https:\/\/midana-consulting.de\/wp-content\/uploads\/2020\/09\/IMG_2485-1024x768.jpg 1024w, https:\/\/midana-consulting.de\/wp-content\/uploads\/2020\/09\/IMG_2485-300x225.jpg 300w, https:\/\/midana-consulting.de\/wp-content\/uploads\/2020\/09\/IMG_2485-768x576.jpg 768w, https:\/\/midana-consulting.de\/wp-content\/uploads\/2020\/09\/IMG_2485-1536x1152.jpg 1536w, https:\/\/midana-consulting.de\/wp-content\/uploads\/2020\/09\/IMG_2485-2048x1536.jpg 2048w, https:\/\/midana-consulting.de\/wp-content\/uploads\/2020\/09\/IMG_2485-400x300.jpg 400w\" sizes=\"auto, (max-width: 1024px) 100vw, 1024px\" \/><\/figure><div class=\"wp-block-media-text__content\">\n<p><strong>Modul 2: Action Painting<\/strong><\/p>\n\n\n\n<p>In kleine Teams aufgeteilt, arbeiten die Teilnehmer an einem gro\u00dfen Gesamtbild, aufgeteilt in kleine Mosaik-Leinw\u00e4nde. Daf\u00fcr sind pr\u00e4zise Absprachen und eine klare Kommunikation erforderlich. Gemeinsam wird geplant und Entscheidungen getroffen. Diesem kreativen Teammodul sind keine Grenzen gesetzt. Was gestaltet werden soll, legen wir in der Auftragskl\u00e4rung fest.<\/p>\n<\/div><\/div>\n\n\n\n<div class=\"wp-block-media-text alignwide is-stacked-on-mobile\"><figure class=\"wp-block-media-text__media\"><img loading=\"lazy\" decoding=\"async\" width=\"1024\" height=\"768\" src=\"https:\/\/midana-consulting.de\/wp-content\/uploads\/2020\/09\/IMG_2481-scaled-e1600936639475-1024x768.jpg\" alt=\"\" class=\"wp-image-1355 size-full\" srcset=\"https:\/\/midana-consulting.de\/wp-content\/uploads\/2020\/09\/IMG_2481-scaled-e1600936639475-1024x768.jpg 1024w, https:\/\/midana-consulting.de\/wp-content\/uploads\/2020\/09\/IMG_2481-scaled-e1600936639475-300x225.jpg 300w, https:\/\/midana-consulting.de\/wp-content\/uploads\/2020\/09\/IMG_2481-scaled-e1600936639475-768x576.jpg 768w, https:\/\/midana-consulting.de\/wp-content\/uploads\/2020\/09\/IMG_2481-scaled-e1600936639475-1536x1152.jpg 1536w, https:\/\/midana-consulting.de\/wp-content\/uploads\/2020\/09\/IMG_2481-scaled-e1600936639475-2048x1536.jpg 2048w, https:\/\/midana-consulting.de\/wp-content\/uploads\/2020\/09\/IMG_2481-scaled-e1600936639475-400x300.jpg 400w\" sizes=\"auto, (max-width: 1024px) 100vw, 1024px\" \/><\/figure><div class=\"wp-block-media-text__content\">\n<p><strong>Modul 3: Kugelbahn<\/strong><\/p>\n\n\n\n<p>Die Kugel beginnt zu rollen und darf nicht an Schwung verlieren, um ans Ziel zu gelangen. Um tausende von Einzelteilen an den richtigen Platz zu bringen, brauchen die Teilnehmer eine gute Planung und m\u00fcssen sich immer wieder neuen Herausforderungen stellen. Wie gro\u00df die Kugelbahn werden soll, dazu berate ich Sie gerne.&nbsp;<\/p>\n<\/div><\/div>\n\n\n\n<div class=\"wp-block-media-text alignwide is-stacked-on-mobile\"><figure class=\"wp-block-media-text__media\"><img loading=\"lazy\" decoding=\"async\" width=\"683\" height=\"1024\" src=\"https:\/\/midana-consulting.de\/wp-content\/uploads\/2020\/09\/MG_7301-Kopie-683x1024.jpg\" alt=\"\" class=\"wp-image-1356 size-full\" srcset=\"https:\/\/midana-consulting.de\/wp-content\/uploads\/2020\/09\/MG_7301-Kopie-683x1024.jpg 683w, https:\/\/midana-consulting.de\/wp-content\/uploads\/2020\/09\/MG_7301-Kopie-200x300.jpg 200w, https:\/\/midana-consulting.de\/wp-content\/uploads\/2020\/09\/MG_7301-Kopie-768x1152.jpg 768w, https:\/\/midana-consulting.de\/wp-content\/uploads\/2020\/09\/MG_7301-Kopie-1365x2048.jpg 1365w, https:\/\/midana-consulting.de\/wp-content\/uploads\/2020\/09\/MG_7301-Kopie-scaled.jpg 1707w\" sizes=\"auto, (max-width: 683px) 100vw, 683px\" \/><\/figure><div class=\"wp-block-media-text__content\">\n<p><strong>Modul 4: Br\u00fcckenbau<\/strong><\/p>\n\n\n\n<p>Gemeinsam eine Br\u00fccke bauen? Wie geht das? Planen, sich absprechen und gegenseitig motivieren. Ob in einem Team oder aufgeteilt in zwei Gruppen, ist diese Aufgabe immer eine Herausforderung.<\/p>\n<\/div><\/div>\n\n\n\n<p>Stand: Januar 2022<\/p>\n","protected":false},"excerpt":{"rendered":"<p>F\u00fcr den&nbsp;perfekten Einstieg in das Unternehmen&nbsp;und den&nbsp;richtigen Start in die Berufswelt. Mein Seminarangebot f\u00fcr Auszubildenden umfasst folgende Themengebiete: Business Knigge Telefontrainings Kommunikationstrainings Kundenkontakttrainings Konfliktmanagement Teamwork Selbstmanagement Zeitmanagement In der Auftragskl\u00e4rung legen wir fest, welche Ziele Sie verfolgen und welche Inhalte &hellip; <a href=\"https:\/\/midana-consulting.de\/?page_id=1346\">Weiterlesen <span class=\"meta-nav\">&rarr;<\/span><\/a><\/p>\n","protected":false},"author":1,"featured_media":0,"parent":0,"menu_order":0,"comment_status":"closed","ping_status":"closed","template":"","meta":{"footnotes":""},"class_list":["post-1346","page","type-page","status-publish","hentry"],"_links":{"self":[{"href":"https:\/\/midana-consulting.de\/index.php?rest_route=\/wp\/v2\/pages\/1346","targetHints":{"allow":["GET"]}}],"collection":[{"href":"https:\/\/midana-consulting.de\/index.php?rest_route=\/wp\/v2\/pages"}],"about":[{"href":"https:\/\/midana-consulting.de\/index.php?rest_route=\/wp\/v2\/types\/page"}],"author":[{"embeddable":true,"href":"https:\/\/midana-consulting.de\/index.php?rest_route=\/wp\/v2\/users\/1"}],"replies":[{"embeddable":true,"href":"https:\/\/midana-consulting.de\/index.php?rest_route=%2Fwp%2Fv2%2Fcomments&post=1346"}],"version-history":[{"count":12,"href":"https:\/\/midana-consulting.de\/index.php?rest_route=\/wp\/v2\/pages\/1346\/revisions"}],"predecessor-version":[{"id":1450,"href":"https:\/\/midana-consulting.de\/index.php?rest_route=\/wp\/v2\/pages\/1346\/revisions\/1450"}],"wp:attachment":[{"href":"https:\/\/midana-consulting.de\/index.php?rest_route=%2Fwp%2Fv2%2Fmedia&parent=1346"}],"curies":[{"name":"wp","href":"https:\/\/api.w.org\/{rel}","templated":true}]}}