{"id":1319,"date":"2020-09-22T07:43:32","date_gmt":"2020-09-22T07:43:32","guid":{"rendered":"https:\/\/midana-consulting.de\/?page_id=1319"},"modified":"2022-02-01T11:03:04","modified_gmt":"2022-02-01T11:03:04","slug":"coaching-fuer-studenten","status":"publish","type":"page","link":"https:\/\/midana-consulting.de\/?page_id=1319","title":{"rendered":"Coaching f\u00fcr Studenten"},"content":{"rendered":"\n<p><strong>Du bist Student \/ Studentin und w\u00fcnscht Dir Unterst\u00fctzung durch einen Coach?<\/strong><\/p>\n\n\n\n<p>Dann bist Du hier genau richtig!&nbsp;<\/p>\n\n\n\n<p>Seit vielen Jahren begleite ich als Mentorin und Coach Studenten und Studentinnen w\u00e4hrend des Studiums und in der \u00dcbergangsphase vom Studium in das Berufsleben.&nbsp;<\/p>\n\n\n\n<p>In einem Coaching k\u00f6nnen wir Dein Anliegen l\u00f6sen. Dabei bist DU der Probleml\u00f6ser und entscheidende Erfolgsfaktor. Ich als Coach unterst\u00fctze Dich dabei, Wesentliches zu erkennen und Strategien und L\u00f6sungswege zu entwickeln. Dabei wende ich ausgew\u00e4hlte Methoden und Fragetechniken an, um Dich auf Deinem Weg zum Ziel zu begleiten.<\/p>\n\n\n\n<p>Typische Coachingthemen sind (Beispiele):<\/p>\n\n\n\n<ul class=\"wp-block-list\"><li>Individuelle, pers\u00f6nliche St\u00e4rken und Schw\u00e4chen kennenlernen<\/li><li>Mehr Selbstbewusstsein und Selbstvertrauen gewinnen<\/li><li>Steigerung der Lernmotivation und passende Lernstrategien entwickeln<\/li><li>Umgang mit Druck und Pr\u00fcfungsstress<\/li><li>Zeit- und Stressmanagement<\/li><li>Stellensuche (Praktika und erster Job)<\/li><li>Vorbereitung auf Bewerbungsgespr\u00e4che<\/li><li>Berufliche Orientierung, Berufsstart und Karriereplanung<\/li><li>andere individuelle Anliegen<\/li><\/ul>\n\n\n\n<p>Dein Coaching-Weg k\u00f6nnte so aussehen:<\/p>\n\n\n\n<p>Step 1:&nbsp;<strong>Kennenlerngespr\u00e4ch<\/strong>: Du schilderst mir Dein Anliegen. Gemeinsam finden wir heraus, ob ein Coaching f\u00fcr Dich und Dein Anliegen das Richtige ist. Das Kennenlerngespr\u00e4ch dauert 30 Minuten und ist f\u00fcr Dich&nbsp;<strong>kostenlos<\/strong>!<\/p>\n\n\n\n<p>Step 2: <strong>Erstgespr\u00e4ch&nbsp;<\/strong>(Dauer: 90 Minuten): Wir analysieren Deine aktuelle Situation und vereinbaren ein bis zwei Beratungsziele.<\/p>\n\n\n\n<p>Step 3:&nbsp;<strong>Einzeltermine&nbsp;<\/strong>(Dauer: 60 Minuten):Gemeinsam entwickeln wir Strategien und L\u00f6sungswege f\u00fcr Dein pers\u00f6nliches Thema. Ich begleite Dich auf Deinem Weg zu Deinem Ziel. Wir stellen sicher, dass Du auch k\u00fcnftig auf Deinem Weg bleibst. In der Regel reichen 3 Sitzungen aus.&nbsp;<\/p>\n\n\n\n<p>Wo findet das Coaching statt:<\/p>\n\n\n\n<p>Hier sind wir frei und flexibel. Ich arbeite klassisch im B\u00fcro, in der Natur oder auch online. Den Ort legen wir gemeinsam fest, gerne auch campusnahe.&nbsp;<\/p>\n\n\n\n<p>Du fragst Dich jetzt bestimmt: \u201e<strong>Kann ich mir das leisten?<\/strong>\u201c:<\/p>\n\n\n\n<p>F\u00fcr Studenten biete ich einen&nbsp;<strong>Sondertarif<\/strong>&nbsp;an. Im kostenlosen Kennenlerngespr\u00e4ch kann ich Dir sagen, wie viele Sitzungen wir voraussichtlich ben\u00f6tigen werden und welche Kosten anfallen. So kannst Du Dir ein genaues Bild machen.&nbsp;<\/p>\n\n\n\n<p><strong>Du hast noch Fragen?<\/strong><\/p>\n\n\n\n<p>Dann schreib mir doch einfach&nbsp;<a href=\"mailto:bettina.schulz@midana-consulting.de\">bettina.schulz@midana-consulting.de<\/a>&nbsp;oder ruf mich einfach an: 0175 8708386.&nbsp;<\/p>\n\n\n\n<p>Stand: Januar 2022<\/p>\n","protected":false},"excerpt":{"rendered":"<p>Du bist Student \/ Studentin und w\u00fcnscht Dir Unterst\u00fctzung durch einen Coach? Dann bist Du hier genau richtig!&nbsp; Seit vielen Jahren begleite ich als Mentorin und Coach Studenten und Studentinnen w\u00e4hrend des Studiums und in der \u00dcbergangsphase vom Studium in &hellip; <a href=\"https:\/\/midana-consulting.de\/?page_id=1319\">Weiterlesen <span class=\"meta-nav\">&rarr;<\/span><\/a><\/p>\n","protected":false},"author":1,"featured_media":0,"parent":0,"menu_order":0,"comment_status":"closed","ping_status":"closed","template":"","meta":{"footnotes":""},"class_list":["post-1319","page","type-page","status-publish","hentry"],"_links":{"self":[{"href":"https:\/\/midana-consulting.de\/index.php?rest_route=\/wp\/v2\/pages\/1319","targetHints":{"allow":["GET"]}}],"collection":[{"href":"https:\/\/midana-consulting.de\/index.php?rest_route=\/wp\/v2\/pages"}],"about":[{"href":"https:\/\/midana-consulting.de\/index.php?rest_route=\/wp\/v2\/types\/page"}],"author":[{"embeddable":true,"href":"https:\/\/midana-consulting.de\/index.php?rest_route=\/wp\/v2\/users\/1"}],"replies":[{"embeddable":true,"href":"https:\/\/midana-consulting.de\/index.php?rest_route=%2Fwp%2Fv2%2Fcomments&post=1319"}],"version-history":[{"count":4,"href":"https:\/\/midana-consulting.de\/index.php?rest_route=\/wp\/v2\/pages\/1319\/revisions"}],"predecessor-version":[{"id":1449,"href":"https:\/\/midana-consulting.de\/index.php?rest_route=\/wp\/v2\/pages\/1319\/revisions\/1449"}],"wp:attachment":[{"href":"https:\/\/midana-consulting.de\/index.php?rest_route=%2Fwp%2Fv2%2Fmedia&parent=1319"}],"curies":[{"name":"wp","href":"https:\/\/api.w.org\/{rel}","templated":true}]}}