{"id":111,"date":"2015-10-17T09:48:15","date_gmt":"2015-10-17T09:48:15","guid":{"rendered":"http:\/\/midana-consulting.de\/?page_id=111"},"modified":"2020-11-23T07:57:20","modified_gmt":"2020-11-23T07:57:20","slug":"betriebswirtschaftliche-beratung-training-und-coaching","status":"publish","type":"page","link":"https:\/\/midana-consulting.de\/","title":{"rendered":"Beratung I Training I Coaching"},"content":{"rendered":"\n<p><strong>Personalentwicklung nach Ma\u00df<\/strong><\/p>\n\n\n\n<p>Herzlich Willkommen auf meiner Internetseite. Ich begr\u00fc\u00dfe Sie und gratuliere Ihnen zu der Entscheidung sich oder Ihre Mitarbeiter weiterentwickeln zu wollen.&nbsp;<\/p>\n\n\n\n<p>Unsere Arbeitswelt zeichnet sich durch rasante Ver\u00e4nderungen aus. Die Halbwertzeit unseres Wissens verk\u00fcrzt sich stetig und erfordert von uns allen \u201eam Ball\u201c zu bleiben. Mit einer ma\u00dfgeschneiderten Personalentwicklung unterst\u00fctzen Sie ihre Mitarbeiter ihre Kompetenzen auszubauen und sich sowohl fachlich als auch pers\u00f6nlich weiterzuentwickeln. Damit binden Sie ihre Fach- und F\u00fchrungskr\u00e4fte langfristig an ihr Unternehmen und f\u00f6rdern Ihre Nachwuchskr\u00e4fte.<\/p>\n\n\n\n<p><strong>Dabei unterst\u00fctze ich Sie! <\/strong>Mit Beratung \u2013 Training \u2013 Coaching biete ich Ihnen ein abgestimmtes Portfolio rund um die Themengebiete F\u00fchrung und Pers\u00f6nlichkeit, Gesundheit und Soft Skills an. Seit 2015 berate ich Unternehmen und entwickle mit Ihnen individuelle Programme und Schulungen f\u00fcr ihre Mitarbeiter. Profitieren Sie von meiner langj\u00e4hrigen Erfahrung und ma\u00dfgeschneiderten Angeboten.&nbsp;<\/p>\n\n\n\n<p><strong>Ich freue mich auf Ihre Anfrage.<\/strong><\/p>\n\n\n\n<p><strong>Ihre Bettina Schulz<\/strong><\/p>\n\n\n\n<p><\/p>\n\n\n\n<p><\/p>\n\n\n\n<p><\/p>\n\n\n\n<figure class=\"wp-block-image\"><a href=\"https:\/\/www.sitelock.com\/verify.php?site=midana-consulting.de\"><img decoding=\"async\" src=\"\/\/shield.sitelock.com\/shield\/midana-consulting.de\" alt=\"malware removal and website security\" title=\"SiteLock\"\/><\/a><\/figure>\n\n\n\n<p><\/p>\n\n\n\n<p><a href=\"#\"><\/a><a href=\"#\"><\/a><\/p>\n","protected":false},"excerpt":{"rendered":"<p>Personalentwicklung nach Ma\u00df Herzlich Willkommen auf meiner Internetseite. Ich begr\u00fc\u00dfe Sie und gratuliere Ihnen zu der Entscheidung sich oder Ihre Mitarbeiter weiterentwickeln zu wollen.&nbsp; Unsere Arbeitswelt zeichnet sich durch rasante Ver\u00e4nderungen aus. Die Halbwertzeit unseres Wissens verk\u00fcrzt sich stetig und &hellip; <a href=\"https:\/\/midana-consulting.de\/\">Weiterlesen <span class=\"meta-nav\">&rarr;<\/span><\/a><\/p>\n","protected":false},"author":1,"featured_media":0,"parent":0,"menu_order":1,"comment_status":"closed","ping_status":"closed","template":"","meta":{"footnotes":""},"class_list":["post-111","page","type-page","status-publish","hentry"],"_links":{"self":[{"href":"https:\/\/midana-consulting.de\/index.php?rest_route=\/wp\/v2\/pages\/111","targetHints":{"allow":["GET"]}}],"collection":[{"href":"https:\/\/midana-consulting.de\/index.php?rest_route=\/wp\/v2\/pages"}],"about":[{"href":"https:\/\/midana-consulting.de\/index.php?rest_route=\/wp\/v2\/types\/page"}],"author":[{"embeddable":true,"href":"https:\/\/midana-consulting.de\/index.php?rest_route=\/wp\/v2\/users\/1"}],"replies":[{"embeddable":true,"href":"https:\/\/midana-consulting.de\/index.php?rest_route=%2Fwp%2Fv2%2Fcomments&post=111"}],"version-history":[{"count":110,"href":"https:\/\/midana-consulting.de\/index.php?rest_route=\/wp\/v2\/pages\/111\/revisions"}],"predecessor-version":[{"id":1419,"href":"https:\/\/midana-consulting.de\/index.php?rest_route=\/wp\/v2\/pages\/111\/revisions\/1419"}],"wp:attachment":[{"href":"https:\/\/midana-consulting.de\/index.php?rest_route=%2Fwp%2Fv2%2Fmedia&parent=111"}],"curies":[{"name":"wp","href":"https:\/\/api.w.org\/{rel}","templated":true}]}}